{"id":123,"date":"2025-05-05T20:18:07","date_gmt":"2025-05-05T20:18:07","guid":{"rendered":"https:\/\/dentalcliniccalypso.com\/?page_id=123"},"modified":"2025-05-05T20:19:14","modified_gmt":"2025-05-05T20:19:14","slug":"aviso-legal","status":"publish","type":"page","link":"https:\/\/dentalcliniccalypso.com\/index.php\/aviso-legal\/","title":{"rendered":"Aviso Legal"},"content":{"rendered":"\n<hr class=\"wp-block-separator has-alpha-channel-opacity\"\/>\n\n\n\n<h3 class=\"wp-block-heading\">Aviso Legal<\/h3>\n\n\n\n<p>En cumplimiento con lo dispuesto en la Ley 34\/2002, de 11 de julio, de Servicios de la Sociedad de la Informaci\u00f3n y Comercio Electr\u00f3nico (LSSI-CE), se informa de los siguientes datos identificativos del titular de este sitio web:<\/p>\n\n\n\n<ul class=\"wp-block-list\">\n<li><strong>Titular:<\/strong> Haneen Abuawad Ghareib<\/li>\n\n\n\n<li><strong>Domicilio:<\/strong> C. Pinar de Calypso, 1, 29649 Mijas, M\u00e1laga<\/li>\n\n\n\n<li><strong>NIF:<\/strong> 35738408P<\/li>\n<\/ul>\n\n\n\n<p>El acceso y uso de este sitio web atribuye la condici\u00f3n de usuario, quien acepta desde dicho acceso y\/o uso las condiciones de uso aqu\u00ed reflejadas.<\/p>\n\n\n\n<p>El titular se reserva el derecho de modificar en cualquier momento y sin necesidad de previo aviso la presentaci\u00f3n y configuraci\u00f3n del sitio web, as\u00ed como las presentes condiciones de uso.<\/p>\n\n\n\n<p><strong>Propiedad intelectual e industrial<\/strong><br>Todos los contenidos del sitio web, incluyendo textos, im\u00e1genes, dise\u00f1o gr\u00e1fico, c\u00f3digo fuente, logotipos, marcas, etc., est\u00e1n protegidos por los derechos de propiedad intelectual e industrial, titularidad de Haneen Abuawad Ghareib o de terceros, sin que puedan entenderse cedidos al usuario ning\u00fan derecho de explotaci\u00f3n sobre los mismos m\u00e1s all\u00e1 de lo estrictamente necesario para el correcto uso del sitio web.<\/p>\n\n\n\n<p><strong>Responsabilidad<\/strong><br>El titular no se hace responsable del mal uso que se realice de los contenidos del sitio web, siendo exclusiva responsabilidad de la persona que accede o utiliza los mismos.<\/p>\n\n\n\n<p><strong>Legislaci\u00f3n aplicable y jurisdicci\u00f3n<\/strong><br>Las presentes condiciones de uso se rigen por la legislaci\u00f3n espa\u00f1ola. Para la resoluci\u00f3n de cualquier conflicto que pudiera derivarse del acceso al sitio web, el usuario y el titular acuerdan someterse expresamente a los juzgados y tribunales de M\u00e1laga, con renuncia a cualquier otro fuero que pudiera corresponderles.<\/p>\n\n\n\n<hr class=\"wp-block-separator has-alpha-channel-opacity\"\/>\n\n\n\n<p><\/p>\n","protected":false},"excerpt":{"rendered":"<p>Aviso Legal En cumplimiento con lo dispuesto en la Ley 34\/2002, de 11 de julio, de Servicios de la Sociedad de la Informaci\u00f3n y Comercio Electr\u00f3nico (LSSI-CE), se informa de los siguientes datos identificativos del titular de este sitio web: El acceso y uso de este sitio web atribuye la condici\u00f3n de usuario, quien acepta [&hellip;]<\/p>\n","protected":false},"author":1,"featured_media":0,"parent":0,"menu_order":0,"comment_status":"closed","ping_status":"closed","template":"","meta":{"_et_pb_use_builder":"off","_et_pb_old_content":"","_et_gb_content_width":"","footnotes":""},"class_list":["post-123","page","type-page","status-publish","hentry"],"_links":{"self":[{"href":"https:\/\/dentalcliniccalypso.com\/index.php\/wp-json\/wp\/v2\/pages\/123","targetHints":{"allow":["GET"]}}],"collection":[{"href":"https:\/\/dentalcliniccalypso.com\/index.php\/wp-json\/wp\/v2\/pages"}],"about":[{"href":"https:\/\/dentalcliniccalypso.com\/index.php\/wp-json\/wp\/v2\/types\/page"}],"author":[{"embeddable":true,"href":"https:\/\/dentalcliniccalypso.com\/index.php\/wp-json\/wp\/v2\/users\/1"}],"replies":[{"embeddable":true,"href":"https:\/\/dentalcliniccalypso.com\/index.php\/wp-json\/wp\/v2\/comments?post=123"}],"version-history":[{"count":2,"href":"https:\/\/dentalcliniccalypso.com\/index.php\/wp-json\/wp\/v2\/pages\/123\/revisions"}],"predecessor-version":[{"id":126,"href":"https:\/\/dentalcliniccalypso.com\/index.php\/wp-json\/wp\/v2\/pages\/123\/revisions\/126"}],"wp:attachment":[{"href":"https:\/\/dentalcliniccalypso.com\/index.php\/wp-json\/wp\/v2\/media?parent=123"}],"curies":[{"name":"wp","href":"https:\/\/api.w.org\/{rel}","templated":true}]}}