{"id":127,"date":"2025-05-05T20:19:32","date_gmt":"2025-05-05T20:19:32","guid":{"rendered":"https:\/\/dentalcliniccalypso.com\/?page_id=127"},"modified":"2025-05-05T20:19:59","modified_gmt":"2025-05-05T20:19:59","slug":"politica-de-privacidad","status":"publish","type":"page","link":"https:\/\/dentalcliniccalypso.com\/index.php\/politica-de-privacidad\/","title":{"rendered":"Pol\u00edtica de Privacidad"},"content":{"rendered":"\n<hr class=\"wp-block-separator has-alpha-channel-opacity\"\/>\n\n\n\n<h3 class=\"wp-block-heading\"><\/h3>\n\n\n\n<p><strong>1. Responsable del tratamiento de datos<\/strong><br>En cumplimiento del Reglamento (UE) 2016\/679 del Parlamento Europeo y del Consejo (RGPD) y la Ley Org\u00e1nica 3\/2018 de Protecci\u00f3n de Datos Personales y garant\u00eda de los derechos digitales (LOPDGDD), se informa que los datos personales facilitados a trav\u00e9s de este sitio web ser\u00e1n tratados por:<\/p>\n\n\n\n<ul class=\"wp-block-list\">\n<li><strong>Responsable:<\/strong> Haneen Abuawad Ghareib<\/li>\n\n\n\n<li><strong>Domicilio:<\/strong> C. Pinar de Calypso, 1, 29649 Mijas, M\u00e1laga<\/li>\n\n\n\n<li><strong>NIF:<\/strong> 35738408P<\/li>\n\n\n\n<li><strong>Correo electr\u00f3nico de contacto:<\/strong> [a\u00f1adir si hay uno]<\/li>\n<\/ul>\n\n\n\n<p><strong>2. Finalidad del tratamiento<\/strong><br>Los datos que el usuario proporciona a trav\u00e9s de este sitio web se recogen con la finalidad de:<\/p>\n\n\n\n<ul class=\"wp-block-list\">\n<li>Responder a solicitudes de informaci\u00f3n o contacto.<\/li>\n\n\n\n<li>Gestionar citas o reservas.<\/li>\n\n\n\n<li>Enviar comunicaciones comerciales sobre servicios relacionados (siempre previo consentimiento).<\/li>\n\n\n\n<li>Cumplir con obligaciones legales aplicables.<\/li>\n<\/ul>\n\n\n\n<p><strong>3. Legitimaci\u00f3n<\/strong><br>La base legal para el tratamiento de los datos es el consentimiento del interesado, el cumplimiento de una relaci\u00f3n contractual y, en su caso, las obligaciones legales.<\/p>\n\n\n\n<p><strong>4. Conservaci\u00f3n de los datos<\/strong><br>Los datos personales se conservar\u00e1n mientras se mantenga la relaci\u00f3n comercial, durante el tiempo necesario para cumplir con las obligaciones legales, o hasta que el interesado solicite su supresi\u00f3n.<\/p>\n\n\n\n<p><strong>5. Comunicaci\u00f3n de datos a terceros<\/strong><br>Los datos no ser\u00e1n comunicados a terceros salvo obligaci\u00f3n legal o en caso de ser necesarios para la prestaci\u00f3n del servicio (por ejemplo, empresas proveedoras de hosting, gesti\u00f3n de citas, etc.), en cuyo caso se firmar\u00e1n los correspondientes contratos de encargo de tratamiento.<\/p>\n\n\n\n<p><strong>6. Derechos del usuario<\/strong><br>Puedes ejercer tus derechos de acceso, rectificaci\u00f3n, supresi\u00f3n, oposici\u00f3n, limitaci\u00f3n del tratamiento y portabilidad, enviando una solicitud por escrito junto con copia de tu documento de identidad a la direcci\u00f3n postal arriba indicada o al correo electr\u00f3nico que se indique.<\/p>\n\n\n\n<p>Asimismo, puedes presentar una reclamaci\u00f3n ante la Agencia Espa\u00f1ola de Protecci\u00f3n de Datos (<a href=\"http:\/\/www.aepd.es\/\">www.aepd.es<\/a>) si consideras que se han vulnerado tus derechos.<\/p>\n\n\n\n<p><strong>7. Seguridad de los datos<\/strong><br>Haneen Abuawad Ghareib aplica las medidas t\u00e9cnicas y organizativas adecuadas para garantizar la seguridad de los datos personales y evitar su alteraci\u00f3n, p\u00e9rdida o tratamiento no autorizado.<\/p>\n\n\n\n<hr class=\"wp-block-separator has-alpha-channel-opacity\"\/>\n\n\n\n<p><\/p>\n","protected":false},"excerpt":{"rendered":"<p>1. Responsable del tratamiento de datosEn cumplimiento del Reglamento (UE) 2016\/679 del Parlamento Europeo y del Consejo (RGPD) y la Ley Org\u00e1nica 3\/2018 de Protecci\u00f3n de Datos Personales y garant\u00eda de los derechos digitales (LOPDGDD), se informa que los datos personales facilitados a trav\u00e9s de este sitio web ser\u00e1n tratados por: 2. Finalidad del tratamientoLos [&hellip;]<\/p>\n","protected":false},"author":1,"featured_media":0,"parent":0,"menu_order":0,"comment_status":"closed","ping_status":"closed","template":"","meta":{"_et_pb_use_builder":"off","_et_pb_old_content":"","_et_gb_content_width":"","footnotes":""},"class_list":["post-127","page","type-page","status-publish","hentry"],"_links":{"self":[{"href":"https:\/\/dentalcliniccalypso.com\/index.php\/wp-json\/wp\/v2\/pages\/127","targetHints":{"allow":["GET"]}}],"collection":[{"href":"https:\/\/dentalcliniccalypso.com\/index.php\/wp-json\/wp\/v2\/pages"}],"about":[{"href":"https:\/\/dentalcliniccalypso.com\/index.php\/wp-json\/wp\/v2\/types\/page"}],"author":[{"embeddable":true,"href":"https:\/\/dentalcliniccalypso.com\/index.php\/wp-json\/wp\/v2\/users\/1"}],"replies":[{"embeddable":true,"href":"https:\/\/dentalcliniccalypso.com\/index.php\/wp-json\/wp\/v2\/comments?post=127"}],"version-history":[{"count":3,"href":"https:\/\/dentalcliniccalypso.com\/index.php\/wp-json\/wp\/v2\/pages\/127\/revisions"}],"predecessor-version":[{"id":130,"href":"https:\/\/dentalcliniccalypso.com\/index.php\/wp-json\/wp\/v2\/pages\/127\/revisions\/130"}],"wp:attachment":[{"href":"https:\/\/dentalcliniccalypso.com\/index.php\/wp-json\/wp\/v2\/media?parent=127"}],"curies":[{"name":"wp","href":"https:\/\/api.w.org\/{rel}","templated":true}]}}